{"id":3664,"date":"2017-05-02T16:08:41","date_gmt":"2017-05-02T16:08:41","guid":{"rendered":"http:\/\/npi.is\/?page_id=3664"},"modified":"2017-05-02T17:49:27","modified_gmt":"2017-05-02T17:49:27","slug":"netlausnir-1","status":"publish","type":"page","link":"http:\/\/npi.is\/?page_id=3664","title":{"rendered":"Netlausnir"},"content":{"rendered":"<p>[vc_row][vc_column width=&#8221;1\/2&#8243;][vc_text_separator title=&#8221;Netlausnir&#8221; margin=&#8221;20&#8243; width=&#8221;1\/1&#8243; el_position=&#8221;first last&#8221;][vc_column_text width=&#8221;1\/1&#8243; el_position=&#8221;first last&#8221;]NetPartner s\u00e9rh\u00e6fir sig \u00ed \u00f6ruggum netlausnum fyrirt\u00e6kja og stofnana me\u00f0 s\u00e9rstaka \u00e1herslu \u00e1 rekstrar\u00f6ryggi sem veitir h\u00e1marks uppi t\u00edma me\u00f0 aukinni framleg\u00f0 og l\u00e6kkun kostna\u00f0ar. NetPartner hefur unni\u00f0 me\u00f0 fyrirt\u00e6kjum og stofnunum \u00e1 \u00cdslandi me\u00f0 g\u00f3\u00f0um \u00e1rangri sem hefur skila\u00f0 s\u00e9r me\u00f0 meiri afk\u00f6stum, skilvirkni, yfirs\u00fdn og l\u00e6kkun rekstrarkostna\u00f0ar.[\/vc_column_text][\/vc_column][vc_column width=&#8221;1\/2&#8243;][vc_separator][vc_column_text width=&#8221;1\/1&#8243; el_position=&#8221;first last&#8221;]<img loading=\"lazy\" class=\"size-medium wp-image-3670 aligncenter\" src=\"http:\/\/npi.is\/wp-content\/uploads\/2017\/05\/Black_E_Series_Stack-300x131.png\" alt=\"\" width=\"300\" height=\"131\" \/>[\/vc_column_text][\/vc_column][\/vc_row][vc_row][vc_column width=&#8221;1\/3&#8243; el_position=&#8221;first&#8221;][vc_text_separator title=&#8221;Vi\u00f0 hj\u00e1lpum \u00fe\u00e9r a\u00f0 m\u00f3ta \u00fe\u00edna eigin netstefnu.&#8221; margin=&#8221;20&#8243; width=&#8221;1\/1&#8243; el_position=&#8221;first last&#8221;][vc_column_text width=&#8221;1\/1&#8243; el_position=&#8221;first last&#8221;]<\/p>\n<ul>\n<li><span class=\"list1\">Stj\u00f3rna hva\u00f0a s\u00ed\u00f0ur og vefflokkar skulu vera opnir.<\/span><\/li>\n<li><span class=\"list1\">Tryggja a\u00f0gengi \u00feeirra forrita sem skipta m\u00e1li, h\u00e6gja \u00e1 e\u00f0a loka \u00e1 hin.<br \/>\n<\/span><\/li>\n<li><span class=\"list1\">Hreint Youtube e\u00f0a Facebook &#8211; Stoppum leiki \u00e1 Facebook og m\u00f3tum Youtube a\u00f0gengi sk\u00f3la og stofnanna.<br \/>\n<\/span><\/li>\n<li><span class=\"list1\">Stj\u00f3rna \u00fev\u00ed hva\u00f0a uppl\u00fdsingar fara inn og \u00fat um interneti\u00f0.<br \/>\n<\/span><\/li>\n<li><span class=\"list1\">Raunt\u00edmainns\u00fdn og v\u00f6ktun \u00e1 alla netumfer\u00f0 ni\u00f0ur \u00e1 einstakan notenda.<br \/>\n<\/span><\/li>\n<li><span class=\"list1\">V\u00f6ktun sem brag\u00f0 er a\u00f0, erlent ni\u00f0urhal ni\u00f0ur \u00e1 notanda e\u00f0a IP t\u00f6lu, hva\u00f0a forrit voru notu\u00f0 og hva\u00f0a uppl\u00fdsingar voru fengnar og fleira.<\/span><\/li>\n<\/ul>\n<p>[\/vc_column_text][\/vc_column][vc_column width=&#8221;1\/3&#8243;][vc_text_separator title=&#8221;Fjara\u00f0gengi hva\u00f0an sem er \u00e1 hva\u00f0a t\u00e6ki sem er.&#8221; margin=&#8221;20&#8243; width=&#8221;1\/1&#8243; el_position=&#8221;first last&#8221;][vc_column_text width=&#8221;1\/1&#8243; el_position=&#8221;first last&#8221;]<\/p>\n<ul>\n<li><span class=\"list1\">Fullur stu\u00f0ningur fyrir Windows, MacOS, iOS, Android, Windows Mobile og Linux.<\/span><\/li>\n<li><span class=\"list1\">Fjara\u00f0gengi beint \u00ed gegnum hva\u00f0a vafra sem er \u00f3h\u00e1\u00f0 t\u00e6ki e\u00f0a st\u00fdrikerfi.<\/span><\/li>\n<li><span class=\"list1\">Stj\u00f3rna\u00f0u \u00fev\u00ed hva\u00f0a t\u00e6ki tengast inn og hva\u00f0an.<\/span><\/li>\n<\/ul>\n<p>[\/vc_column_text][\/vc_column][vc_column width=&#8221;1\/3&#8243;][vc_text_separator title=&#8221;Nethr\u00f6\u00f0un &#8211; WAN &amp; Internet Acceleration&#8221; margin=&#8221;20&#8243; width=&#8221;1\/1&#8243; el_position=&#8221;first last&#8221;][vc_column_text width=&#8221;1\/1&#8243; el_position=&#8221;first last&#8221;]<\/p>\n<ul>\n<li><span class=\"list1\">Nethr\u00f6\u00f0un \u00e1 allri skrifstofu umfer\u00f0 \u00e1samt almennri \u00fej\u00f6ppun fyrir betri n\u00fdtingu.<\/span><\/li>\n<li><span class=\"list1\">Internethr\u00f6\u00f0un, hvers vegna a\u00f0 n\u00e1 \u00ed sama Youtube myndbandi\u00f0 m\u00f6rgum sinnum?<\/span><\/li>\n<\/ul>\n<p>[\/vc_column_text][\/vc_column][\/vc_row][vc_row][vc_column width=&#8221;1\/2&#8243; el_position=&#8221;first&#8221;][vc_text_separator title=&#8221;Rekstrar\u00f6ryggi&#8221; margin=&#8221;20&#8243; width=&#8221;1\/1&#8243; el_position=&#8221;first last&#8221;][vc_column_text width=&#8221;1\/1&#8243; el_position=&#8221;first last&#8221;]St\u00f6\u00f0ugur uppit\u00edmi uppl\u00fdsingakerfa er \u00f6llum fyrirt\u00e6kjum mikilv\u00e6gur og \u00fev\u00ed er \u00e1r\u00ed\u00f0andi a\u00f0 allur \u00fatb\u00fana\u00f0ur ver\u00f0i eins og best ver\u00f0ur \u00e1 kosi\u00f0 me\u00f0 vi\u00f0brag\u00f0slei\u00f0um og varalei\u00f0um. NetPartner leggur s\u00e9rstaka \u00e1herslu \u00e1 a\u00f0 tryggja netrekstur fyrirt\u00e6kja me\u00f0 fyrirbyggjandi lausnum sem geta brug\u00f0ist vi\u00f0 \u00f3h\u00f6ppum eins og \u00feegar v\u00e9lb\u00fana\u00f0ur bilar, nettengingar falla ni\u00f0ur, gagnatap vegna mistaka starfsmanna e\u00f0a jafnvel meiri h\u00e1ttar \u00e1f\u00f6ll af hendi \u00e6\u00f0ri m\u00e1ttarvalda sem g\u00e6tu hamla\u00f0 a\u00f0gengi a\u00f0 h\u00fasn\u00e6\u00f0i.<\/p>\n<p>Me\u00f0 netumsj\u00f3n NetPartner f\u00e6r\u00f0u meira rekstrar\u00f6ryggi.[\/vc_column_text][\/vc_column][vc_column width=&#8221;1\/2&#8243; el_position=&#8221;last&#8221;][vc_text_separator title=&#8221;Sm\u00e1sj\u00e1 \u00e1 netumfer\u00f0&#8221; margin=&#8221;20&#8243; width=&#8221;1\/1&#8243; el_position=&#8221;first last&#8221;][vc_column_text width=&#8221;1\/1&#8243; el_position=&#8221;first last&#8221;]\u201eBest in Class\u201c sk\u00fdrslur um netumfer\u00f0 og samskipti \u00fat \u00e1 interneti\u00f0. Kerfi\u00f0 b\u00fd\u00f0ur upp \u00e1 vefvi\u00f0m\u00f3t sem stj\u00f3rnendur geta n\u00fdtt s\u00e9r til a\u00f0 f\u00e1 \u00fe\u00e6r uppl\u00fdsingar sem s\u00f3st er eftir.<\/p>\n<ul>\n<li><span class=\"list1\">V\u00f6ktun \u00e1 erlendu ni\u00f0urhali eftir notendanafni, IP-t\u00f6lu og sta\u00f0arneti.<\/span><\/li>\n<li><span class=\"list1\">Ni\u00f0urhal \u00e1 hvert forrit, skr\u00e1\u00f0 eftir l\u00f6ndum og margt fleira.<\/span><\/li>\n<li><span class=\"list1\">Allar h\u00e6ttur og v\u00edrusar skr\u00e1\u00f0ir ni\u00f0ur.<\/span><\/li>\n<li><span class=\"list1\">Kerfi sem veitir fullkomi\u00f0 frelsi til a\u00f0 setja inn \u00fe\u00e6r breytur sem menn \u00f3ska.<\/span><\/li>\n<li><span class=\"list1\">Skilvirkt vefvi\u00f0m\u00f3t sem keyrir \u00e1 Windows Server st\u00fdrikerfi.<\/span><\/li>\n<\/ul>\n<p>[\/vc_column_text][\/vc_column][\/vc_row]<\/p>\n","protected":false},"excerpt":{"rendered":"<p>[vc_row][vc_column width=&#8221;1\/2&#8243;][vc_text_separator title=&#8221;Netlausnir&#8221; margin=&#8221;20&#8243; width=&#8221;1\/1&#8243; el_position=&#8221;first last&#8221;][vc_column_text width=&#8221;1\/1&#8243; el_position=&#8221;first last&#8221;]NetPartner s\u00e9rh\u00e6fir sig \u00ed \u00f6ruggum netlausnum fyrirt\u00e6kja og stofnana me\u00f0 s\u00e9rstaka \u00e1herslu \u00e1 rekstrar\u00f6ryggi sem veitir h\u00e1marks uppi t\u00edma me\u00f0 aukinni framleg\u00f0 og l\u00e6kkun kostna\u00f0ar. NetPartner hefur unni\u00f0 me\u00f0 fyrirt\u00e6kjum og stofnunum \u00e1 \u00cdslandi me\u00f0 g\u00f3\u00f0um \u00e1rangri sem hefur skila\u00f0 s\u00e9r me\u00f0 meiri afk\u00f6stum, skilvirkni, yfirs\u00fdn [&hellip;]<\/p>\n","protected":false},"author":1,"featured_media":0,"parent":0,"menu_order":0,"comment_status":"open","ping_status":"open","template":"template-slider-full.php","meta":[],"_links":{"self":[{"href":"http:\/\/npi.is\/index.php?rest_route=\/wp\/v2\/pages\/3664"}],"collection":[{"href":"http:\/\/npi.is\/index.php?rest_route=\/wp\/v2\/pages"}],"about":[{"href":"http:\/\/npi.is\/index.php?rest_route=\/wp\/v2\/types\/page"}],"author":[{"embeddable":true,"href":"http:\/\/npi.is\/index.php?rest_route=\/wp\/v2\/users\/1"}],"replies":[{"embeddable":true,"href":"http:\/\/npi.is\/index.php?rest_route=%2Fwp%2Fv2%2Fcomments&post=3664"}],"version-history":[{"count":24,"href":"http:\/\/npi.is\/index.php?rest_route=\/wp\/v2\/pages\/3664\/revisions"}],"predecessor-version":[{"id":3689,"href":"http:\/\/npi.is\/index.php?rest_route=\/wp\/v2\/pages\/3664\/revisions\/3689"}],"wp:attachment":[{"href":"http:\/\/npi.is\/index.php?rest_route=%2Fwp%2Fv2%2Fmedia&parent=3664"}],"curies":[{"name":"wp","href":"https:\/\/api.w.org\/{rel}","templated":true}]}}