{"id":3690,"date":"2017-05-02T16:39:43","date_gmt":"2017-05-02T16:39:43","guid":{"rendered":"http:\/\/npi.is\/?page_id=3690"},"modified":"2017-05-02T17:48:59","modified_gmt":"2017-05-02T17:48:59","slug":"thradlausar-netlausnir","status":"publish","type":"page","link":"http:\/\/npi.is\/?page_id=3690","title":{"rendered":"\u00der\u00e1\u00f0lausar netlausnir"},"content":{"rendered":"<p>[vc_row][vc_column width=&#8221;1\/2&#8243;][vc_text_separator title=&#8221;\u00der\u00e1\u00f0lausar Netlausnir&#8221; margin=&#8221;20&#8243; width=&#8221;1\/1&#8243; el_position=&#8221;first last&#8221;][vc_column_text width=&#8221;1\/1&#8243; el_position=&#8221;first last&#8221;]Ruckus, einfaldlega betra \u00fer\u00e1\u00f0laust net &#8211; allt a\u00f0 500 notendur per punkt &#8211; Sk\u00fdlausn e\u00f0a sta\u00f0bundin netstj\u00f3ri &#8211; Sta\u00f0setningarkerfi me\u00f0 allt a\u00f0 30cm n\u00e1kv\u00e6mni &#8211; \u201cI\u2019ve tried to find faults with this but so far I have failed\u201d<br \/>\n<em><span class=\"quote\">&#8211; Andy McCormack kerfisstj\u00f3ri Lazytown<\/span><\/em>[\/vc_column_text][\/vc_column][vc_column width=&#8221;1\/2&#8243;][vc_separator][vc_column_text width=&#8221;1\/1&#8243; el_position=&#8221;first last&#8221;]<img loading=\"lazy\" class=\"size-medium wp-image-3692 aligncenter\" src=\"http:\/\/npi.is\/wp-content\/uploads\/2017\/05\/WifiCloud-300x188.jpg\" alt=\"\" width=\"300\" height=\"188\" \/>[\/vc_column_text][\/vc_column][\/vc_row][vc_row][vc_column width=&#8221;1\/2&#8243; el_position=&#8221;first&#8221;][vc_text_separator title=&#8221;Ruckus &#8211; Simply Better Wireless&#8221; margin=&#8221;20&#8243; width=&#8221;1\/1&#8243; el_position=&#8221;first last&#8221;][vc_column_text width=&#8221;1\/1&#8243; el_position=&#8221;first last&#8221;]Ruckus Wireless er bandar\u00edskt fyrirt\u00e6ki sem var\u00f0 til \u00ed kringum n\u00fdja \u00fer\u00e1\u00f0lausa t\u00e6kni og einkaleyfi \u00ed kringum hana \u00e1ri\u00f0 2004. \u00deessi t\u00e6kni er s\u00e9rst\u00f6k af \u00fev\u00ed leytinu til a\u00f0 hver \u00fer\u00e1\u00f0laus punktur reiknar \u00fat bestu lei\u00f0 og getu a\u00f0 hverju t\u00e6ki fyrir sig \u00ed sta\u00f0 \u00feess a\u00f0 varpa merki \u00ed kringum sig eins og lj\u00f3sapera sendir lj\u00f3s \u00ed allar \u00e1ttir, gervigreind \u00ed punktunum reiknar \u00fat bestu sendingu og m\u00f3tt\u00f6ku skilyr\u00f0i fyrir hvern og einn me\u00f0 s\u00edfelldum uppf\u00e6rslum til a\u00f0 h\u00e1marka g\u00e6\u00f0i. \u00deetta gerir \u00fea\u00f0 a\u00f0 verkum a\u00f0 h\u00e6gt er a\u00f0 halda \u00fati margfalt fleiri raunt\u00edmastraumum \u00ed einu \u00e1 t.d. spjaldt\u00f6lvur og sinna m\u00f6rg hundru\u00f0 notendum \u00e1 hverjum punkt me\u00f0 alveg s\u00e9rstaklega g\u00f3\u00f0ri dreifingu \u00e1 \u00fer\u00e1\u00f0lausa merkinu. Sem d\u00e6mi um \u00feessa s\u00e9rst\u00f6\u00f0u Ruckus loftnetst\u00e6kni \u00fe\u00e1 eru engir punktar fr\u00e1 \u00feeim me\u00f0 ytri loftnet \u00fev\u00ed \u00f6ll n\u00e1lgunin er svo \u00f3l\u00edk hef\u00f0bundnum lausnum.<\/p>\n<p><a id=\"beamflex\" href=\"http:\/\/www.ruckuswireless.com\/technology\/beamflex\" target=\"_blank\" rel=\"noopener noreferrer\">H\u00e6gt er a\u00f0 lesa um Ruckus og \u00feeirra s\u00e9rleyfi h\u00e9r.<\/a>[\/vc_column_text][\/vc_column][vc_column width=&#8221;1\/2&#8243;][vc_text_separator title=&#8221;Sk\u00fdlausn e\u00f0a netstj\u00f3ri&#8221; margin=&#8221;20&#8243; width=&#8221;1\/1&#8243; el_position=&#8221;first last&#8221;][vc_column_text width=&#8221;1\/1&#8243; el_position=&#8221;first last&#8221;]Ruckus er f\u00e1anlegt sem sk\u00fdlausn e\u00f0a sta\u00f0bundinn netstj\u00f3ri, kostir og gallar fylga b\u00e1\u00f0um n\u00e1lgunum og fyrir st\u00e6rri netkerfi er e\u00f0lilegast a\u00f0 \u00fearfagreina \u00e1\u00f0ur en lei\u00f0 er valin.<\/p>\n<p><img loading=\"lazy\" class=\"alignnone size-medium wp-image-3700\" src=\"http:\/\/npi.is\/wp-content\/uploads\/2017\/05\/it_photo_146776-300x169.jpg\" alt=\"\" width=\"300\" height=\"169\" srcset=\"http:\/\/npi.is\/wp-content\/uploads\/2017\/05\/it_photo_146776-300x169.jpg 300w, http:\/\/npi.is\/wp-content\/uploads\/2017\/05\/it_photo_146776-768x432.jpg 768w, http:\/\/npi.is\/wp-content\/uploads\/2017\/05\/it_photo_146776.jpg 860w\" sizes=\"(max-width: 300px) 100vw, 300px\" \/>[\/vc_column_text][\/vc_column][\/vc_row][vc_row][vc_column width=&#8221;2\/3&#8243; el_position=&#8221;last&#8221;][vc_text_separator title=&#8221;RUCKUS STA\u00d0SETNINGAR\u00deJ\u00d3NUSTA&#8221;][vc_column_text]Ruckus b\u00fd\u00f0ur upp \u00e1 sta\u00f0setningarkerfi \u00ed b\u00fana\u00f0inum s\u00ednum me\u00f0 allt a\u00f0 30 cm. n\u00e1kv\u00e6mni og tengingu vi\u00f0 kortakerfi eins og t.d. Google maps.[\/vc_column_text][vc_text_separator title=&#8221;RUCKUS G\u00c6\u00d0I&#8221;][vc_column_text]Ruckus fullyr\u00f0ir a\u00f0 \u00feeir b\u00fai m\u00f6gulega yfir besta g\u00e6\u00f0adreifingarkerfi \u00ed \u00fer\u00e1\u00f0lausum lausnum, \u00feeir ekki bara sko\u00f0a hva\u00f0a forrit e\u00f0a t\u00e6ki er a\u00f0 bi\u00f0ja um bandv\u00eddd (loftt\u00edma) heldur sko\u00f0a breytur eins og st\u00e6r\u00f0 sendinga, hra\u00f0i og anna\u00f0 sem tryggir alveg einstaka frammist\u00f6\u00f0u \u00e1 miki\u00f0 notu\u00f0u neti.<\/p>\n<p>Ruckus hefur veri\u00f0 pr\u00f3fa\u00f0 \u00ed \u00feaula og h\u00e6gt er a\u00f0 n\u00e1lgast h\u00e9r hlutlausa \u00fattekt fr\u00e1 virtum a\u00f0ila \u00e1 \u00f6llum helstu \u00fer\u00e1\u00f0lausum lausnum fr\u00e1 eins og t.d. Cisco, Meraki, Aerohive, Aruba og fleirum. Ni\u00f0ursta\u00f0an er \u00f3tv\u00edr\u00e6\u00f0ur sigur fyrir Ruckus \u00e1 \u00f6llum svi\u00f0um en t\u00f3ku \u00feeir alveg fram \u00far keppinautum s\u00ednum \u00feegar kom a\u00f0 samt\u00edmahra\u00f0a og g\u00e6\u00f0adreifingu til t.d. spjaldt\u00f6lva, allar villur \u00ed samskiptum voru mun minni hj\u00e1 Ruckus sem \u00fe\u00fd\u00f0ir l\u00edka m\u00fdkri og betri upplifun \u00e1 internetinu.<\/p>\n<p>H\u00e6gt er a\u00f0 hla\u00f0a ni\u00f0ur \u00feessari \u00edtarlegu \u00fattekt fr\u00e1\u00a0<a href=\"http:\/\/norriq.is\/pdfs\/WLAN-PROS-Stress%20Test%20Report.pdf\" target=\"_blank\" rel=\"noopener noreferrer\">2013 h\u00e9r.<\/a><a id=\"8db4cedf-3e2c-47eb-bef1-646ce388cc24\" title=\"View this pdf file\" href=\"https:\/\/docs.google.com\/viewer?url=http%3A%2F%2Fnorriq.is%2Fpdfs%2FWLAN-PROS-Stress%2520Test%2520Report.pdf&amp;embedded=true&amp;chrome=false&amp;dov=1\" target=\"_blank\" rel=\"noopener noreferrer\"><img src=\"chrome-extension:\/\/gmpljdlgcdkljlppaekciacdmdlhfeon\/images\/beside-link-icon.svg\" \/><\/a><\/p>\n<p><a href=\"http:\/\/www.tomshardware.com\/reviews\/wi-fi-performance,2985.html\" target=\"_blank\" rel=\"noopener noreferrer\">A\u00f0ra en eldri \u00fattekt fr\u00e1 2011 er h\u00e6gt a\u00f0 sj\u00e1 h\u00e9r, ni\u00f0urst\u00f6\u00f0urnar eru n\u00e1nast eins og \u00ed \u00feeirri fr\u00e1 2013.<\/a><\/p>\n<p><a href=\"https:\/\/www.youtube.com\/watch?v=uxmSh87KOIc\">H\u00e9rna<\/a> m\u00e1 finna myndband \u00e1 YouTube \u00fear sem fari\u00f0 yfir ni\u00f0urst\u00f6\u00f0urnar og b\u00fana\u00f0inn \u00ed pr\u00f3finu<\/p>\n<p>H\u00e6gt er a\u00f0 f\u00e1 a\u00f0 prufukeyra Ruckus lausnir \u00ed allt a\u00f0 3 m\u00e1nu\u00f0i \u00e1n endurgjalds og bindingar.[\/vc_column_text][\/vc_column][vc_column width=&#8221;1\/3&#8243; el_position=&#8221;first&#8221;][vc_text_separator title=&#8221;Ruckus Innipunktar&#8221; margin=&#8221;20&#8243; width=&#8221;1\/1&#8243; el_position=&#8221;first last&#8221;][vc_column_text width=&#8221;1\/1&#8243; el_position=&#8221;first last&#8221;]Allt a\u00f0 500 notendur, 120 raunt\u00edmastraumar \u00e1 hvern punkt.<\/p>\n<p>Ruckus b\u00fd\u00f0ur upp \u00e1 heila fj\u00f6lskyldu af \u00fer\u00e1\u00f0lausum lausnum, innipunkta sem taka fr\u00e1 250 til 500 notendur, halda allt a\u00f0 120 raunt\u00edmastraumum \u00ed einu me\u00f0 allt a\u00f0 500 virka notendur \u00e1 hverum punkti sem \u00fe\u00fd\u00f0ir a\u00f0 l\u00edti\u00f0 m\u00e1l er a\u00f0 veita \u00f6flugt \u00fer\u00e1\u00f0laust netsamband n\u00e6stum hvar sem er.[\/vc_column_text][vc_text_separator title=&#8221;Ruckus \u00fatipunktar og br\u00fdr&#8221; margin=&#8221;20&#8243; width=&#8221;1\/1&#8243; el_position=&#8221;first last&#8221;][vc_column_text width=&#8221;1\/1&#8243; el_position=&#8221;first last&#8221;]Ruckus b\u00fd\u00f0ur einnig upp \u00e1 \u00fatipunkta sem eru ve\u00f0ur\u00feolnir og hanna\u00f0ir til a\u00f0 veita net vi\u00f0 t.d. sundlaugar, hafnir, leikvanga og hvers kyns opin sv\u00e6\u00f0i \u00fear sem f\u00f3lk safnast saman. Hver punktur getur veitt \u00fer\u00e1\u00f0laust net til 500 notenda samt\u00edmis yfir 300 metra fjarl\u00e6g\u00f0.<\/p>\n<p>Fyrir fjartengingar er h\u00e6gt a\u00f0 nota s\u00f6mu \u00fatipunkta til a\u00f0 br\u00faa sta\u00f0setningar, sama \u201cBeamflex\u201d (setja link \u00e1 beamflex, sami linkur og uppi) t\u00e6kni er notu\u00f0 til a\u00f0 tryggja toppafk\u00f6st undir hva\u00f0a skilyr\u00f0um sem er, miki\u00f0 svigr\u00fam skapast me\u00f0 \u00feessari t\u00e6kni en punktarnir \u00feola a\u00f0 vera yfir 15\u00b0 skakkir fr\u00e1 hver \u00f6\u00f0rum vegna vindkasta t.d. \u00e1n \u00feess a\u00f0 dragi \u00far g\u00e6\u00f0um.[\/vc_column_text][\/vc_column][\/vc_row]<\/p>\n","protected":false},"excerpt":{"rendered":"<p>[vc_row][vc_column width=&#8221;1\/2&#8243;][vc_text_separator title=&#8221;\u00der\u00e1\u00f0lausar Netlausnir&#8221; margin=&#8221;20&#8243; width=&#8221;1\/1&#8243; el_position=&#8221;first last&#8221;][vc_column_text width=&#8221;1\/1&#8243; el_position=&#8221;first last&#8221;]Ruckus, einfaldlega betra \u00fer\u00e1\u00f0laust net &#8211; allt a\u00f0 500 notendur per punkt &#8211; Sk\u00fdlausn e\u00f0a sta\u00f0bundin netstj\u00f3ri &#8211; Sta\u00f0setningarkerfi me\u00f0 allt a\u00f0 30cm n\u00e1kv\u00e6mni &#8211; \u201cI\u2019ve tried to find faults with this but so far I have failed\u201d &#8211; Andy McCormack kerfisstj\u00f3ri Lazytown[\/vc_column_text][\/vc_column][vc_column width=&#8221;1\/2&#8243;][vc_separator][vc_column_text width=&#8221;1\/1&#8243; [&hellip;]<\/p>\n","protected":false},"author":1,"featured_media":0,"parent":0,"menu_order":0,"comment_status":"open","ping_status":"open","template":"template-slider-full.php","meta":[],"_links":{"self":[{"href":"http:\/\/npi.is\/index.php?rest_route=\/wp\/v2\/pages\/3690"}],"collection":[{"href":"http:\/\/npi.is\/index.php?rest_route=\/wp\/v2\/pages"}],"about":[{"href":"http:\/\/npi.is\/index.php?rest_route=\/wp\/v2\/types\/page"}],"author":[{"embeddable":true,"href":"http:\/\/npi.is\/index.php?rest_route=\/wp\/v2\/users\/1"}],"replies":[{"embeddable":true,"href":"http:\/\/npi.is\/index.php?rest_route=%2Fwp%2Fv2%2Fcomments&post=3690"}],"version-history":[{"count":9,"href":"http:\/\/npi.is\/index.php?rest_route=\/wp\/v2\/pages\/3690\/revisions"}],"predecessor-version":[{"id":3701,"href":"http:\/\/npi.is\/index.php?rest_route=\/wp\/v2\/pages\/3690\/revisions\/3701"}],"wp:attachment":[{"href":"http:\/\/npi.is\/index.php?rest_route=%2Fwp%2Fv2%2Fmedia&parent=3690"}],"curies":[{"name":"wp","href":"https:\/\/api.w.org\/{rel}","templated":true}]}}