{"id":3702,"date":"2017-05-02T16:56:19","date_gmt":"2017-05-02T16:56:19","guid":{"rendered":"http:\/\/npi.is\/?page_id=3702"},"modified":"2017-05-02T17:48:16","modified_gmt":"2017-05-02T17:48:16","slug":"oryggislausnir","status":"publish","type":"page","link":"http:\/\/npi.is\/?page_id=3702","title":{"rendered":"\u00d6ryggislausnir"},"content":{"rendered":"<p>[vc_row][vc_column width=&#8221;1\/2&#8243;][vc_text_separator title=&#8221;\u00d6ryggislausnir&#8221; margin=&#8221;20&#8243; width=&#8221;1\/1&#8243; el_position=&#8221;first last&#8221;][vc_column_text width=&#8221;1\/1&#8243; el_position=&#8221;first last&#8221;]Me\u00f0 \u00f6ryggislausnum tryggir NetPartner vi\u00f0skiptavinum s\u00ednum upp \u00e1 fullkomi\u00f0 \u00f6ryggi \u00e1 innri kerfum fyrirt\u00e6kisins, t\u00f6lvum, net\u00fej\u00f3num, snjalls\u00edmum og spjaldt\u00f6lvum til m\u00f3ts vi\u00f0 ytra \u00f6ryggi \u00ed netlausnum. NetPartner b\u00fd\u00f0ur \u00feannig upp \u00e1 fullkomi\u00f0 lausnamengi \u00ed \u00f6ryggism\u00e1lum. Me\u00f0 \u00fev\u00ed a\u00f0 bj\u00f3\u00f0a upp \u00e1 heildarlausn n\u00e6r NetPartner a\u00f0 bj\u00f3\u00f0a vi\u00f0skiptavinum s\u00ednum upp \u00e1 aukinn einfaldleika, t\u00edmasparna\u00f0 og l\u00e6kkun rekstrarkostna\u00f0ar.[\/vc_column_text][\/vc_column][vc_column width=&#8221;1\/2&#8243;][vc_separator][vc_column_text width=&#8221;1\/1&#8243; el_position=&#8221;first last&#8221;]<img loading=\"lazy\" class=\"size-medium wp-image-3703 aligncenter\" src=\"http:\/\/npi.is\/wp-content\/uploads\/2017\/05\/enduser-byod-secure-300x246.png\" alt=\"\" width=\"300\" height=\"246\" srcset=\"http:\/\/npi.is\/wp-content\/uploads\/2017\/05\/enduser-byod-secure-300x246.png 300w, http:\/\/npi.is\/wp-content\/uploads\/2017\/05\/enduser-byod-secure.png 392w\" sizes=\"(max-width: 300px) 100vw, 300px\" \/>[\/vc_column_text][\/vc_column][\/vc_row][vc_row][vc_column width=&#8221;1\/2&#8243;][vc_text_separator title=&#8221;Vi\u00f0 h\u00f6fum a\u00f0 bj\u00f3\u00f0a lausnir fr\u00e1 \u00f6ryggisfyrirt\u00e6kinu Sophos sem tryggja fyrirt\u00e6ki \u00fe\u00ednu&#8221; margin=&#8221;20&#8243; width=&#8221;1\/1&#8243; el_position=&#8221;first last&#8221;][vc_column_text width=&#8221;1\/1&#8243; el_position=&#8221;first last&#8221;]<\/p>\n<ul>\n<li><span class=\"list1\">Mi\u00f0l\u00e6ga stj\u00f3rnun \u00e1 \u00f6llum snjallt\u00e6kjum fyrirt\u00e6ksins, einnig \u00e1 t\u00e6kjum \u00ed eigu starfsmanna.<\/span><\/li>\n<li><span class=\"list1\">Dulk\u00f3\u00f0un allra gagna \u00e1 snjalls\u00edmum og spjaldt\u00f6lvum.<\/span><\/li>\n<li><span class=\"list1\">A\u00f0 \u00f6ll g\u00f6gn \u00feurrkist \u00fat ef snjalls\u00edma e\u00f0a spjaldt\u00f6lvu er stoli\u00f0 e\u00f0a t\u00e6ki\u00f0 t\u00fdnist.<\/span><\/li>\n<li><span class=\"list1\">Stj\u00f3rn \u00e1 \u00fev\u00ed hva\u00f0a forrit m\u00e1 e\u00f0a m\u00e1 ekki setja inn \u00e1 t\u00e6kin.<\/span><\/li>\n<li><span class=\"list1\">M\u00f6guleika \u00e1 a\u00f0 finna t\u00e6kin hvar sem er \u00ed heiminum.<\/span><\/li>\n<li><span class=\"list1\">Fullkomi\u00f0 yfirlit yfir \u00f6ll snjallt\u00e6ki, tegund, t\u00fdpu, st\u00fdrikerfi o.fl.<\/span><\/li>\n<li><span class=\"list1\">\u00devinga\u00f0a skj\u00e1l\u00e6singu \u00e1 \u00f6ll t\u00e6ki, stj\u00f3rn \u00e1 lykilor\u00f0alengd o.fl.<\/span><\/li>\n<li><span class=\"list1\">A\u00f0 leyfa notendum a\u00f0 skr\u00e1 inn n\u00fd t\u00e6ki sj\u00e1lfir, sj\u00e1lfvirk framfylgni \u00e1 \u00f6ryggiskr\u00f6fum.<\/span><\/li>\n<li><span class=\"list1\">A\u00f0 a\u00f0eins snjalls\u00edmar og spjaldt\u00f6lvur sem uppfylla kr\u00f6fur tengist p\u00f3st\u00fej\u00f3ni.<\/span><\/li>\n<li><span class=\"list1\">Sj\u00e1lfvirk skilabo\u00f0 til notenda, sj\u00e1lfvirkar a\u00f0ger\u00f0ir vi\u00f0 \u00e1kve\u00f0in skilyr\u00f0i og margt fleira.<\/span><\/li>\n<\/ul>\n<p>[\/vc_column_text][\/vc_column][vc_column width=&#8221;1\/2&#8243;][vc_single_image image=&#8221;3706&#8243; alignment=&#8221;right&#8221;][\/vc_column][\/vc_row][vc_row][vc_column width=&#8221;1\/2&#8243; el_position=&#8221;last&#8221;][vc_text_separator title=&#8221;\u00d6rugg t\u00f6lvup\u00f3stsamskipti&#8221;][vc_column_text]A\u00f0 dulk\u00f3\u00f0a t\u00f6lvup\u00f3st hefur \u00ed gegnum t\u00ed\u00f0ina veri\u00f0 afar \u00f3\u00fej\u00e1lt og t\u00edmafrekt. Flest fyrirt\u00e6ki \u00e1 \u00cdslandi senda \u00fev\u00ed tr\u00fana\u00f0aruppl\u00fdsingar me\u00f0 \u00f3\u00f6ruggum h\u00e6tti. Vi\u00f0 bj\u00f3\u00f0um upp \u00e1 t\u00edmam\u00f3talausn \u00e1 \u00feessu vandam\u00e1li sem gerir \u00f6llum innan fyrirt\u00e6kisins kleift a\u00f0 senda dulk\u00f3\u00f0a\u00f0an t\u00f6lvup\u00f3st, \u00f3h\u00e1\u00f0 t\u00e6kni\u00feekkingu. Auk \u00feess a\u00f0 dulk\u00f3\u00f0a t\u00f6lvup\u00f3st er lausnin allsherjar \u00f6ryggislausn fyrir t\u00f6lvup\u00f3st.<\/p>\n<ul>\n<li><span class=\"list1\">Dulk\u00f3\u00f0a\u00f0ur t\u00f6lvup\u00f3stur krefst ekki uppsetningar \u00e1 neinum hugb\u00fana\u00f0i hj\u00e1 sendanda e\u00f0a m\u00f3ttakanda, p\u00f3stg\u00e1ttin s\u00e9r um dulk\u00f3\u00f0unina a\u00f0 fullu.<\/span><\/li>\n<li><span class=\"list1\">Dulk\u00f3\u00f0a\u00f0an t\u00f6lvup\u00f3st er h\u00e6gt er a\u00f0 sko\u00f0a \u00ed hva\u00f0a t\u00e6ki sem er, t\u00f6lvum, s\u00edmum og spjaldt\u00f6lvum, \u00f3h\u00e1\u00f0 st\u00fdrikerfi.<\/span><\/li>\n<li><span class=\"list1\">Vi\u00f0takandi getur svara\u00f0 dulk\u00f3\u00f0u\u00f0um t\u00f6lvup\u00f3sti me\u00f0 dulk\u00f3\u00f0u\u00f0u svari, \u00e1n \u00feess a\u00f0 setja upp neinn hugb\u00fana\u00f0.<\/span><\/li>\n<li><span class=\"list1\">M\u00f6gulegt er a\u00f0 verjast gagnatapi me\u00f0 \u00fev\u00ed a\u00f0 st\u00f6\u00f0va e\u00f0a dulk\u00f3\u00f0a tr\u00fana\u00f0arg\u00f6gn \u00e1 sj\u00e1lfvirkan m\u00e1ta.<\/span><\/li>\n<li><span class=\"list1\">Raunt\u00edmav\u00f6rn gegn ruslp\u00f3sti og v\u00edrusum tryggir a\u00f0 p\u00f3stg\u00e1ttin er alltaf vi\u00f0b\u00fain til a\u00f0 verjast n\u00fdjustu tegundum ruslp\u00f3sts og v\u00edrusa.<\/span><\/li>\n<\/ul>\n<p>[\/vc_column_text][\/vc_column][vc_column width=&#8221;1\/2&#8243;][vc_text_separator title=&#8221;Taktu stj\u00f3rn \u00e1 fars\u00edmum og spjaldt\u00f6lvum&#8221; margin=&#8221;20&#8243; width=&#8221;1\/1&#8243; el_position=&#8221;first last&#8221;][vc_column_text width=&#8221;1\/1&#8243; el_position=&#8221;first last&#8221;]Me\u00f0 okkar lausnum geta fyrirt\u00e6ki framfylgt \u00f6ryggiskr\u00f6fum og \u00f6ryggisstefnu sinni gagnvart \u00f6llum iOS (iPhone og iPad), Windows Phone og Android-t\u00e6kjum, b\u00e6\u00f0i s\u00edmum og spjaldt\u00f6lvum. \u00deetta eru pers\u00f3nuleg t\u00e6ki og starfsf\u00f3lk vill gjarnan geta nota\u00f0 s\u00edn t\u00e6ki e\u00f0a vali\u00f0 s\u00edn eigin \u00feegar kemur a\u00f0 innkaupum fyrirt\u00e6kja. \u00deessi t\u00e6ki standa yfirleitt utan vi\u00f0 alla stj\u00f3rnun og eftirlit t\u00f6lvudeildar og ekki nokkur lei\u00f0 a\u00f0 tryggja a\u00f0 uppl\u00fdsingar og g\u00f6gn sem \u00feau geyma s\u00e9u ekki berskj\u00f6ldu\u00f0 e\u00f0a standist vottanir.[\/vc_column_text][\/vc_column][\/vc_row][vc_row][vc_column][vc_text_separator title=&#8221;Vi\u00f0skipta\u00f6ryggi fyrir allar t\u00f6lvur og net\u00fej\u00f3na&#8221;][vc_column_text]Kerfi\u00f0 er einfalt en b\u00fd\u00f0ur n\u00e6rri endalausa m\u00f6guleika \u00e1 a\u00f0 framfylgja \u00feeim \u00f6ryggiskr\u00f6fum sem fyrirt\u00e6ki setja s\u00e9r. \u00d6llu er stj\u00f3rna\u00f0 fr\u00e1 einu vi\u00f0m\u00f3ti sem allir kerfisstj\u00f3rar eiga au\u00f0velt me\u00f0 a\u00f0 vinna me\u00f0. Netstefna fyrirt\u00e6ksins mun fylgja \u00f6llum fart\u00f6lvum hvar sem og hven\u00e6r sem er. Lausnin okkar hefur veri\u00f0 \u00ed \u00ferj\u00fa \u00e1r valin \u201eLeader\u201c af Gartner.<\/p>\n<ul>\n<li><span class=\"list1\">Mi\u00f0l\u00e6g st\u00fdring fyrir Linux, Windows og Mac<\/span><\/li>\n<li><span class=\"list1\">\u00d3v\u00e6ruv\u00f6rn og eldveggur \u00e1samt algj\u00f6ru eftirliti \u00e1 virkum \u00fej\u00f3nustum.<\/span><\/li>\n<li><span class=\"list1\">Dulk\u00f3\u00f0un \u00e1 h\u00f6r\u00f0um diskum.<\/span><\/li>\n<li><span class=\"list1\">Netstefna fyrirt\u00e6ksins helst virk utan fyrirt\u00e6kjanetsins (Web control).<\/span><\/li>\n<li><span class=\"list1\">Stj\u00f3rnun \u00e1 \u00f6llum forritum sem er h\u00e6gt a\u00f0 setja inn e\u00f0a ekki.<\/span><\/li>\n<li><span class=\"list1\">G\u00e6tir gagna sem ekki mega ey\u00f0ast.<\/span><\/li>\n<li><span class=\"list1\">Stj\u00f3rnun uppl\u00fdsinga sem mega e\u00f0a mega ekki fara fr\u00e1 notendum og endast\u00f6\u00f0vum.<\/span><\/li>\n<li><span class=\"list1\">USB-stj\u00f3rnun, hva\u00f0a t\u00e6ki og minnislykla starfsmenn mega nota.<\/span><\/li>\n<li><span class=\"list1\">Dulk\u00f3\u00f0un \u00e1 minnislyklum.<\/span><\/li>\n<li><span class=\"list1\">Yfirlit yfir uppf\u00e6rslur.<\/span><\/li>\n<\/ul>\n<p>[\/vc_column_text][\/vc_column][\/vc_row]<\/p>\n","protected":false},"excerpt":{"rendered":"<p>[vc_row][vc_column width=&#8221;1\/2&#8243;][vc_text_separator title=&#8221;\u00d6ryggislausnir&#8221; margin=&#8221;20&#8243; width=&#8221;1\/1&#8243; el_position=&#8221;first last&#8221;][vc_column_text width=&#8221;1\/1&#8243; el_position=&#8221;first last&#8221;]Me\u00f0 \u00f6ryggislausnum tryggir NetPartner vi\u00f0skiptavinum s\u00ednum upp \u00e1 fullkomi\u00f0 \u00f6ryggi \u00e1 innri kerfum fyrirt\u00e6kisins, t\u00f6lvum, net\u00fej\u00f3num, snjalls\u00edmum og spjaldt\u00f6lvum til m\u00f3ts vi\u00f0 ytra \u00f6ryggi \u00ed netlausnum. NetPartner b\u00fd\u00f0ur \u00feannig upp \u00e1 fullkomi\u00f0 lausnamengi \u00ed \u00f6ryggism\u00e1lum. Me\u00f0 \u00fev\u00ed a\u00f0 bj\u00f3\u00f0a upp \u00e1 heildarlausn n\u00e6r NetPartner a\u00f0 bj\u00f3\u00f0a [&hellip;]<\/p>\n","protected":false},"author":1,"featured_media":0,"parent":0,"menu_order":0,"comment_status":"open","ping_status":"open","template":"template-slider-full.php","meta":[],"_links":{"self":[{"href":"http:\/\/npi.is\/index.php?rest_route=\/wp\/v2\/pages\/3702"}],"collection":[{"href":"http:\/\/npi.is\/index.php?rest_route=\/wp\/v2\/pages"}],"about":[{"href":"http:\/\/npi.is\/index.php?rest_route=\/wp\/v2\/types\/page"}],"author":[{"embeddable":true,"href":"http:\/\/npi.is\/index.php?rest_route=\/wp\/v2\/users\/1"}],"replies":[{"embeddable":true,"href":"http:\/\/npi.is\/index.php?rest_route=%2Fwp%2Fv2%2Fcomments&post=3702"}],"version-history":[{"count":5,"href":"http:\/\/npi.is\/index.php?rest_route=\/wp\/v2\/pages\/3702\/revisions"}],"predecessor-version":[{"id":3709,"href":"http:\/\/npi.is\/index.php?rest_route=\/wp\/v2\/pages\/3702\/revisions\/3709"}],"wp:attachment":[{"href":"http:\/\/npi.is\/index.php?rest_route=%2Fwp%2Fv2%2Fmedia&parent=3702"}],"curies":[{"name":"wp","href":"https:\/\/api.w.org\/{rel}","templated":true}]}}