{"id":3710,"date":"2017-05-02T17:08:37","date_gmt":"2017-05-02T17:08:37","guid":{"rendered":"http:\/\/npi.is\/?page_id=3710"},"modified":"2017-05-02T18:30:26","modified_gmt":"2017-05-02T18:30:26","slug":"guestair","status":"publish","type":"page","link":"http:\/\/npi.is\/?page_id=3710","title":{"rendered":"GuestAir"},"content":{"rendered":"<p>[vc_row][vc_column][vc_text_separator title=&#8221;GuestAir&#8221; margin=&#8221;20&#8243; width=&#8221;1\/1&#8243; el_position=&#8221;first last&#8221;][vc_column_text width=&#8221;1\/1&#8243; el_position=&#8221;first last&#8221;]Guest AIR er hugb\u00fana\u00f0ur til a\u00f0 stj\u00f3rna a\u00f0gangi og au\u00f0kenningum \u00e1 \u00fer\u00e1\u00f0lausum netkerfum og vinnur me\u00f0 hva\u00f0a SonicWALL t\u00e6ki sem er beint \u00far sk\u00fdinu. Innibyggt \u00ed Guest AIR eru margar lei\u00f0ir til \u00feess a\u00f0 au\u00f0kenna notendur.[\/vc_column_text][\/vc_column][\/vc_row][vc_row][vc_column][vc_text_separator title=&#8221;Opin \u00fer\u00e1\u00f0laus net&#8221; margin=&#8221;20&#8243; width=&#8221;1\/1&#8243; el_position=&#8221;first last&#8221;][vc_column_text width=&#8221;1\/1&#8243; el_position=&#8221;first last&#8221;]Me\u00f0 st\u00f3raukinni notkun og dreifingu \u00e1 \u00fer\u00e1\u00f0lausum kerfum og neytenda v\u00e6ntingu a\u00f0 \u00f6flugt \u00fer\u00e1\u00f0laust net s\u00e9 \u00e1 flestum st\u00f6\u00f0um hvort sem um er a\u00f0 r\u00e6\u00f0a n\u00e1msumhverfi, samkomusali, h\u00f3tel e\u00f0a hvern \u00feann sta\u00f0 \u00fear sem a\u00f0 f\u00f3lk kemur saman, er krafan um au\u00f0kenningu og \u00f6ryggi a\u00f0 aukast samhli\u00f0a. Vegna kostna\u00f0ar vi\u00f0 netkerfi sem eiga \u00fe\u00f3 a\u00f0 vera a\u00f0gengileg \u00f6llum, og jafnvel \u00f3keypis, \u00fe\u00e1 hafa fyrirt\u00e6ki og stofnanir teki\u00f0 upp \u00e1 \u00fev\u00ed a\u00f0 afla uppl\u00fdsinga e\u00f0a koma \u00e1lei\u00f0s uppl\u00fdsingum yfir \u00fer\u00e1\u00f0lausa netkerfi\u00f0 og n\u00e1 \u00fear fram einhverri hagr\u00e6\u00f0ingu og kostna\u00f0i aftur inn.[\/vc_column_text][\/vc_column][\/vc_row][vc_row][vc_column el_position=&#8221;last&#8221;][vc_text_separator title=&#8221;Regluger\u00f0ir um opin net&#8221;][vc_column_text]\u00cd Evr\u00f3pusambandinu hefur veri\u00f0 innleidd regluger\u00f0 um a\u00f0 \u00e1 hverju \u00fer\u00e1\u00f0lausu neti, hvort sem \u00fea\u00f0 er fr\u00edtt e\u00f0a ekki (Hotspot), \u00fe\u00e1 ver\u00f0ur a\u00f0 skr\u00e1 inn notendur me\u00f0 einhverri a\u00f0fer\u00f0 eins og t.d. netfang, s\u00edman\u00famer e\u00f0a a\u00f0gangsk\u00f3\u00f0a og ver\u00f0ur kerfi\u00f0 a\u00f0 geyma \u00ed 12 m\u00e1nu\u00f0i \u00feessar uppl\u00fdsingar \u00e1samt MAC n\u00famerinu \u00e1 t\u00e6kinu sem a\u00f0 nota\u00f0 er til a\u00f0 tengjast, Guest AIR uppfyllir \u00feessar kr\u00f6fur samkv\u00e6mt regluger\u00f0 auk \u00feess a\u00f0 bj\u00f3\u00f0a upp \u00e1 n\u00e6r endalausa a\u00f0ra m\u00f6guleika til au\u00f0kenningar e\u00f0a gagna\u00f6flunar. Miki\u00f0 af regluger\u00f0um Evr\u00f3pusambandsins skila s\u00e9r til \u00cdslands og \u00fev\u00ed jafnvel bara t\u00edmaspursm\u00e1l \u00fear til a\u00f0 \u00feessar reglur skila s\u00e9r til \u00cdslands. \u00d3h\u00e1\u00f0 regluger\u00f0um samt er Guest AIR \u00fea\u00f0 t\u00f3l sem a\u00f0 vaktar og gefur \u00f6llum \u00fer\u00e1\u00f0lausum netum faglegt vi\u00f0m\u00f3t sem h\u00e6gt er a\u00f0 n\u00fdta til a\u00f0 afla uppl\u00fdsinga e\u00f0a koma \u00feeim \u00e1lei\u00f0is.[\/vc_column_text][\/vc_column][\/vc_row][vc_row][vc_column][vc_text_separator title=&#8221;Au\u00f0kenningar lei\u00f0ir GuestAIR&#8221;][vc_column_text]<\/p>\n<ul>\n<li><span class=\"list1\">Au\u00f0kennis k\u00f3\u00f0i: H\u00e6gt a\u00f0 b\u00faa til netk\u00f3\u00f0a og prenta \u00fat fyrir fram e\u00f0a nota sk\u00fdprentara og prenta beint eftir \u00fe\u00f6rfum<\/span><\/li>\n<li><span class=\"list1\">SMS skilabo\u00f0: F\u00e1\u00f0u beint \u00ed fars\u00edma netk\u00f3\u00f0a, h\u00e6gt a\u00f0 senda netsl\u00f3\u00f0 svo a\u00f0 s\u00edmar komist \u00e1 neti\u00f0 me\u00f0 einnum smelli.<\/span><\/li>\n<li><span class=\"list1\">T\u00f6lvup\u00f3st au\u00f0kenning: Notandinn au\u00f0kennir sig me\u00f0 s\u00ednu netfangi og f\u00e6r sent \u00feanga\u00f0 k\u00f3\u00f0a og sl\u00f3\u00f0 til a\u00f0 komast \u00e1 neti\u00f0.<\/span><\/li>\n<li><span class=\"list1\">Notandi: Guest AIR b\u00fd\u00f0ur upp \u00e1 notendur setta beint inn \u00ed kerfi\u00f0 fyrir fasta notendur eins og t.d. starfsf\u00f3lk.<\/span><\/li>\n<li><span class=\"list1\">Gagnagrunns tenging: H\u00e6gt er a\u00f0 tengja Guest AIR vi\u00f0 vel flesta gagnagrunna fyrir sj\u00e1lfvirka au\u00f0kenningu fyrir eins og t.d. h\u00f3tel og geta \u00fe\u00e1 gestir skr\u00e1\u00f0 sig inn \u00e1 neti\u00f0 eftir a\u00f0 hafa b\u00f3ka\u00f0 sig inn.<\/span><\/li>\n<li><span class=\"list1\">MAC au\u00f0kenning: H\u00e6gt a\u00f0 setja inn MAC n\u00famer t\u00e6kja og \u00feau fara sj\u00e1lfvirkt \u00e1 neti\u00f0.<\/span><\/li>\n<li><span class=\"list1\">Skilm\u00e1la stop: \u00dear sem ekki er \u00fevingu\u00f0 au\u00f0kenning er h\u00e6gt a\u00f0 setja upp faglega skilm\u00e1la s\u00ed\u00f0u \u00fear sem notandinn sam\u00feykkir \u00fe\u00e1 \u00e1\u00f0ur en hann kemst \u00e1 neti\u00f0.<\/span><\/li>\n<li><span class=\"list1\">Facebook au\u00f0kenning: Notendur skr\u00e1 sig inn \u00e1 Facebook og h\u00e6gt a\u00f0 krefjast \u00feess a\u00f0 setja \u201cLike\u201d eiganda netsins. Ef um veitingasta\u00f0 t.d. er a\u00f0 r\u00e6\u00f0a \u00fe\u00e1 kemur \u201cLike\u201d \u00e1 hann og skilabo\u00f0 \u00e1 vegginn hj\u00e1 notendanum sem segja a\u00f0 \u201cHann s\u00e9 a\u00f0 bor\u00f0a hj\u00e1 \u00fe\u00e9r\u201d.<\/span><\/li>\n<li><span class=\"list1\">Lykilor\u00f0 dagsins\/vikunnar\/m\u00e1na\u00f0arins: H\u00e6gt a\u00f0 setja inn lykilor\u00f0 \u00e1 t.d. uppl\u00fdsingaskj\u00e1i sem uppf\u00e6rir sig sj\u00e1lfvirkt \u00e1 \u00fev\u00ed t\u00edmabili sem skilgreint er, s\u00f3laringur, vika osf.<\/span><\/li>\n<li><span class=\"list1\">Marka\u00f0s au\u00f0kenning: H\u00e6gt er a\u00f0 nota Guest AIR sem marka\u00f0st\u00f3l og bi\u00f0ja um uppl\u00fdsingar \u00e1\u00f0ur en notkun \u00e1 s\u00e9r sta\u00f0, h\u00e6gt er a\u00f0 s\u00e9rsn\u00ed\u00f0a \u00feetta a\u00f0 hva\u00f0a starfssemi sem er.<\/span><\/li>\n<li><span class=\"list1\">\u00de\u00edn au\u00f0kenning &#8211; H\u00e6gt er a\u00f0 au\u00f0kenna \u00ed rauninni me\u00f0 hva\u00f0a h\u00e6tti sem er og tengjast n\u00e6r \u00f6llum \u00f6\u00f0rum kerfum fyrir sj\u00e1lfvirkni, a\u00f0eins hugmyndaflugi\u00f0 er takm\u00f6rkunin.<\/span><\/li>\n<\/ul>\n<p>[\/vc_column_text][\/vc_column][\/vc_row]<\/p>\n","protected":false},"excerpt":{"rendered":"<p>[vc_row][vc_column][vc_text_separator title=&#8221;GuestAir&#8221; margin=&#8221;20&#8243; width=&#8221;1\/1&#8243; el_position=&#8221;first last&#8221;][vc_column_text width=&#8221;1\/1&#8243; el_position=&#8221;first last&#8221;]Guest AIR er hugb\u00fana\u00f0ur til a\u00f0 stj\u00f3rna a\u00f0gangi og au\u00f0kenningum \u00e1 \u00fer\u00e1\u00f0lausum netkerfum og vinnur me\u00f0 hva\u00f0a SonicWALL t\u00e6ki sem er beint \u00far sk\u00fdinu. Innibyggt \u00ed Guest AIR eru margar lei\u00f0ir til \u00feess a\u00f0 au\u00f0kenna notendur.[\/vc_column_text][\/vc_column][\/vc_row][vc_row][vc_column][vc_text_separator title=&#8221;Opin \u00fer\u00e1\u00f0laus net&#8221; margin=&#8221;20&#8243; width=&#8221;1\/1&#8243; el_position=&#8221;first last&#8221;][vc_column_text width=&#8221;1\/1&#8243; el_position=&#8221;first last&#8221;]Me\u00f0 st\u00f3raukinni [&hellip;]<\/p>\n","protected":false},"author":1,"featured_media":0,"parent":0,"menu_order":0,"comment_status":"open","ping_status":"open","template":"template-slider-full.php","meta":[],"_links":{"self":[{"href":"http:\/\/npi.is\/index.php?rest_route=\/wp\/v2\/pages\/3710"}],"collection":[{"href":"http:\/\/npi.is\/index.php?rest_route=\/wp\/v2\/pages"}],"about":[{"href":"http:\/\/npi.is\/index.php?rest_route=\/wp\/v2\/types\/page"}],"author":[{"embeddable":true,"href":"http:\/\/npi.is\/index.php?rest_route=\/wp\/v2\/users\/1"}],"replies":[{"embeddable":true,"href":"http:\/\/npi.is\/index.php?rest_route=%2Fwp%2Fv2%2Fcomments&post=3710"}],"version-history":[{"count":5,"href":"http:\/\/npi.is\/index.php?rest_route=\/wp\/v2\/pages\/3710\/revisions"}],"predecessor-version":[{"id":3742,"href":"http:\/\/npi.is\/index.php?rest_route=\/wp\/v2\/pages\/3710\/revisions\/3742"}],"wp:attachment":[{"href":"http:\/\/npi.is\/index.php?rest_route=%2Fwp%2Fv2%2Fmedia&parent=3710"}],"curies":[{"name":"wp","href":"https:\/\/api.w.org\/{rel}","templated":true}]}}